{"id":408,"date":"2025-10-30T12:06:03","date_gmt":"2025-10-30T12:06:03","guid":{"rendered":"https:\/\/prostoodronach.com.pl\/?page_id=408"},"modified":"2025-10-30T14:32:47","modified_gmt":"2025-10-30T14:32:47","slug":"produkcja-materialow-video","status":"publish","type":"page","link":"https:\/\/prostoodronach.com.pl\/?page_id=408","title":{"rendered":"Produkcja materia\u0142\u00f3w video"},"content":{"rendered":"\n\n\n<h4 class=\"wp-block-heading\">1\ufe0f\u20e3 Planowanie uj\u0119\u0107 i scenariusz<\/h4>\n\n\n\n<p>Ka\u017cdy projekt zaczynam od dok\u0142adnego planu lotu i scenariusza:<\/p>\n\n\n\n<ul class=\"wp-block-list\">\n<li>analiza lokalizacji i uwarunkowa\u0144 prawnych,<\/li>\n\n\n\n<li>okre\u015blenie wymaga\u0144 klienta (styl, tempo, d\u0142ugo\u015b\u0107 materia\u0142u),<\/li>\n\n\n\n<li>wyb\u00f3r sprz\u0119tu FPV (klasyczny dron 5\u201d freestyle, cinematic)<\/li>\n<\/ul>\n\n\n\n<p>Dobrze przemy\u015blany plan gwarantuje, \u017ce materia\u0142 b\u0119dzie dynamiczny, sp\u00f3jny i zgodny z wizj\u0105 klienta.<\/p>\n\n\n\n<p><\/p>\n\n\n\n<h4 class=\"wp-block-heading\">2\ufe0f\u20e3 Nagrania FPV \u2013 loty i kontrola<\/h4>\n\n\n\n<p>W trakcie nagra\u0144 stosuj\u0119:<\/p>\n\n\n\n<ul class=\"wp-block-list\">\n<li>precyzyjn\u0105 kontrol\u0119 lotu w trybie Acro,<\/li>\n\n\n\n<li>p\u0142ynne przej\u015bcia, dynamiczne zmiany wysoko\u015bci i kierunku,<\/li>\n\n\n\n<li>r\u00f3\u017cnorodne trajektorie \u2013 okr\u0105\u017cenia obiekt\u00f3w, loty mi\u0119dzy przeszkodami, wysokie uj\u0119cia panoramiczne,<\/li>\n<\/ul>\n\n\n\n<p>W razie potrzeby wykonuj\u0119 kilka podej\u015b\u0107, aby uzyska\u0107 idealne uj\u0119cie. Ka\u017cdy lot jest nagrywany w wysokiej jako\u015bci HD\/4K, 30\/60\/120kl\/s<\/p>\n\n\n\n<p><\/p>\n\n\n\n<h4 class=\"wp-block-heading\">3\ufe0f\u20e3 Postprodukcja i monta\u017c<\/h4>\n\n\n\n<p>Po nagraniu materia\u0142 trafia do edycji:<\/p>\n\n\n\n<ul class=\"wp-block-list\">\n<li>selekcja najlepszych uj\u0119\u0107,<\/li>\n\n\n\n<li>korekcja kolor\u00f3w i grading,<\/li>\n\n\n\n<li>stabilizacja obrazu, je\u015bli to konieczne,<\/li>\n\n\n\n<li>dodanie efekt\u00f3w, napis\u00f3w, przej\u015b\u0107, muzyki i sound design,<\/li>\n\n\n\n<li>finalny render w wybranej rozdzielczo\u015bci i formacie.<\/li>\n<\/ul>\n\n\n\n<p>Efekt ko\u0144cowy to film gotowy do publikacji na YouTube, Instagram, TikTok, reklam\u0119 lub prezentacj\u0119.<\/p>\n\n\n\n<h4 class=\"wp-block-heading\"><\/h4>\n\n\n\n\n\n\n\n\n","protected":false},"excerpt":{"rendered":"<p>1\ufe0f\u20e3 Planowanie uj\u0119\u0107 i scenariusz Ka\u017cdy projekt zaczynam od dok\u0142adnego planu lotu i scenariusza: Dobrze przemy\u015blany plan gwarantuje, \u017ce materia\u0142 b\u0119dzie dynamiczny, sp\u00f3jny i zgodny z wizj\u0105 klienta. 2\ufe0f\u20e3 Nagrania FPV \u2013 loty i kontrola W trakcie nagra\u0144 stosuj\u0119: W razie potrzeby wykonuj\u0119 kilka podej\u015b\u0107, aby uzyska\u0107 idealne uj\u0119cie. Ka\u017cdy lot jest nagrywany w wysokiej [&hellip;]<\/p>\n","protected":false},"author":1,"featured_media":0,"parent":0,"menu_order":0,"comment_status":"closed","ping_status":"closed","template":"","meta":{"saved_in_kubio":true,"footnotes":""},"class_list":["post-408","page","type-page","status-publish","hentry"],"kubio_ai_page_context":{"short_desc":"","purpose":"general"},"_links":{"self":[{"href":"https:\/\/prostoodronach.com.pl\/index.php?rest_route=\/wp\/v2\/pages\/408","targetHints":{"allow":["GET"]}}],"collection":[{"href":"https:\/\/prostoodronach.com.pl\/index.php?rest_route=\/wp\/v2\/pages"}],"about":[{"href":"https:\/\/prostoodronach.com.pl\/index.php?rest_route=\/wp\/v2\/types\/page"}],"author":[{"embeddable":true,"href":"https:\/\/prostoodronach.com.pl\/index.php?rest_route=\/wp\/v2\/users\/1"}],"replies":[{"embeddable":true,"href":"https:\/\/prostoodronach.com.pl\/index.php?rest_route=%2Fwp%2Fv2%2Fcomments&post=408"}],"version-history":[{"count":4,"href":"https:\/\/prostoodronach.com.pl\/index.php?rest_route=\/wp\/v2\/pages\/408\/revisions"}],"predecessor-version":[{"id":442,"href":"https:\/\/prostoodronach.com.pl\/index.php?rest_route=\/wp\/v2\/pages\/408\/revisions\/442"}],"wp:attachment":[{"href":"https:\/\/prostoodronach.com.pl\/index.php?rest_route=%2Fwp%2Fv2%2Fmedia&parent=408"}],"curies":[{"name":"wp","href":"https:\/\/api.w.org\/{rel}","templated":true}]}}